{"id":1707,"date":"2026-04-28T11:04:33","date_gmt":"2026-04-28T11:04:33","guid":{"rendered":"https:\/\/wholesalemedicaluk.com\/?page_id=1707"},"modified":"2026-04-29T08:46:44","modified_gmt":"2026-04-29T08:46:44","slug":"about-us","status":"publish","type":"page","link":"https:\/\/wholesalemedicaluk.com\/?page_id=1707","title":{"rendered":"About Us"},"content":{"rendered":"\n<p>We set out with the goal of bringing high-quality and reliable products that support a healthy lifestyle to our customers. With a wide range of vitamins, dietary supplements, and personal care products, we offer solutions tailored to the needs of individuals of all ages.<\/p>\n\n\n\n<p>Our company adopts customer satisfaction as its core principle and operates with a transparent, reliable, and fast service approach in both pre-sales and after-sales processes. We carefully maintain quality standards at every stage, from product sourcing to delivery.<\/p>\n\n\n\n<p>Through our e-commerce platform, we provide a user-friendly shopping experience, supported by secure payment systems and a clear return policy. By offering easy return and exchange processes, we aim to make your shopping experience safe and hassle-free.<\/p>\n\n\n\n<p>We recognize the importance of health and personal care. Therefore, we not only provide products but also promote conscious and informed consumption. Delivering the right products to you and building long-term trust is our top priority.<\/p>\n\n\n\n<p>GUESTRY SEYAHAT TUR\u0130ZM SA\u011eLIK MED\u0130KAL REHAB\u0130L\u0130TASYON \u0130THALAT \u0130HRACAT T\u0130CARET L\u0130M\u0130TED \u015e\u0130RKET\u0130 05556208909 Adres:HUR\u015e\u0130D\u0130YE MAH. FEVZ\u0130PA\u015eA BLV. \u00c7ELIK I\u015e MERKEZI NO:162 \u0130\u00c7 KAPI NO: 703 KONAK\/ \u0130ZM\u0130R- TURKEY Mail:eyupsabridenal@gmail.com<\/p>\n","protected":false},"excerpt":{"rendered":"<p>We set out with the goal of bringing high-quality and reliable products that support a healthy lifestyle to our customers. With a wide range of vitamins, dietary supplements, and personal care products, we offer solutions tailored to the needs of individuals of all ages. Our company adopts customer satisfaction as its core principle and operates [&hellip;]<\/p>\n","protected":false},"author":1,"featured_media":0,"parent":0,"menu_order":0,"comment_status":"closed","ping_status":"closed","template":"","meta":{"footnotes":""},"class_list":["post-1707","page","type-page","status-publish","hentry"],"_links":{"self":[{"href":"https:\/\/wholesalemedicaluk.com\/index.php?rest_route=\/wp\/v2\/pages\/1707","targetHints":{"allow":["GET"]}}],"collection":[{"href":"https:\/\/wholesalemedicaluk.com\/index.php?rest_route=\/wp\/v2\/pages"}],"about":[{"href":"https:\/\/wholesalemedicaluk.com\/index.php?rest_route=\/wp\/v2\/types\/page"}],"author":[{"embeddable":true,"href":"https:\/\/wholesalemedicaluk.com\/index.php?rest_route=\/wp\/v2\/users\/1"}],"replies":[{"embeddable":true,"href":"https:\/\/wholesalemedicaluk.com\/index.php?rest_route=%2Fwp%2Fv2%2Fcomments&post=1707"}],"version-history":[{"count":3,"href":"https:\/\/wholesalemedicaluk.com\/index.php?rest_route=\/wp\/v2\/pages\/1707\/revisions"}],"predecessor-version":[{"id":1733,"href":"https:\/\/wholesalemedicaluk.com\/index.php?rest_route=\/wp\/v2\/pages\/1707\/revisions\/1733"}],"wp:attachment":[{"href":"https:\/\/wholesalemedicaluk.com\/index.php?rest_route=%2Fwp%2Fv2%2Fmedia&parent=1707"}],"curies":[{"name":"wp","href":"https:\/\/api.w.org\/{rel}","templated":true}]}}