{"id":7,"date":"2026-04-21T07:24:20","date_gmt":"2026-04-21T07:24:20","guid":{"rendered":"https:\/\/wholesalemedicaluk.com\/?page_id=7"},"modified":"2026-04-21T12:24:10","modified_gmt":"2026-04-21T12:24:10","slug":"cart","status":"publish","type":"page","link":"https:\/\/wholesalemedicaluk.com\/?page_id=7","title":{"rendered":"Cart"},"content":{"rendered":"\n<div data-block-name=\"woocommerce\/cart\" class=\"wp-block-woocommerce-cart alignwide is-loading\">\n<div data-block-name=\"woocommerce\/filled-cart-block\" class=\"wp-block-woocommerce-filled-cart-block\">\n<div data-block-name=\"woocommerce\/cart-items-block\" class=\"wp-block-woocommerce-cart-items-block\">\n<div data-block-name=\"woocommerce\/cart-line-items-block\" class=\"wp-block-woocommerce-cart-line-items-block\"><\/div>\n\n\n<\/div>\n\n\n\n\n<div data-block-name=\"woocommerce\/cart-totals-block\" class=\"wp-block-woocommerce-cart-totals-block\">\n<div data-block-name=\"woocommerce\/cart-order-summary-block\" class=\"wp-block-woocommerce-cart-order-summary-block\">\n<div data-block-name=\"woocommerce\/cart-order-summary-heading-block\" class=\"wp-block-woocommerce-cart-order-summary-heading-block\"><\/div><div data-block-name=\"woocommerce\/cart-order-summary-coupon-form-block\" class=\"wp-block-woocommerce-cart-order-summary-coupon-form-block\"><\/div><div data-block-name=\"woocommerce\/cart-order-summary-totals-block\" class=\"wp-block-woocommerce-cart-order-summary-totals-block\">\n<div data-block-name=\"woocommerce\/cart-order-summary-subtotal-block\" class=\"wp-block-woocommerce-cart-order-summary-subtotal-block\"><\/div>\n<div data-block-name=\"woocommerce\/cart-order-summary-discount-block\" class=\"wp-block-woocommerce-cart-order-summary-discount-block\"><\/div>\n<div data-block-name=\"woocommerce\/cart-order-summary-fee-block\" class=\"wp-block-woocommerce-cart-order-summary-fee-block\"><\/div>\n<div data-block-name=\"woocommerce\/cart-order-summary-shipping-block\" class=\"wp-block-woocommerce-cart-order-summary-shipping-block\"><\/div>\n<div data-block-name=\"woocommerce\/cart-order-summary-taxes-block\" class=\"wp-block-woocommerce-cart-order-summary-taxes-block\"><\/div><\/div>\n<\/div>\n\n\n\n<div data-block-name=\"woocommerce\/cart-express-payment-block\" class=\"wp-block-woocommerce-cart-express-payment-block\"><\/div>\n\n\n\n<div data-block-name=\"woocommerce\/proceed-to-checkout-block\" class=\"wp-block-woocommerce-proceed-to-checkout-block\"><\/div>\n\n\n\n<div data-block-name=\"woocommerce\/cart-accepted-payment-methods-block\" class=\"wp-block-woocommerce-cart-accepted-payment-methods-block\"><\/div>\n<\/div>\n<\/div>\n\n\n\n<div data-block-name=\"woocommerce\/empty-cart-block\" class=\"wp-block-woocommerce-empty-cart-block\">\n<h2 class=\"wp-block-heading has-text-align-center with-empty-cart-icon wc-block-cart__empty-cart__title\">Sepetiniz \u015fu anda bo\u015f!<\/h2>\n\n\n\n<hr class=\"wp-block-separator has-alpha-channel-opacity is-style-dots\"\/>\n\n\n\n<h2 class=\"wp-block-heading has-text-align-center\">Ma\u011fazada yeni<\/h2>\n\n\n<div data-block-name=\"woocommerce\/product-new\" data-columns=\"4\" data-rows=\"1\" class=\"wc-block-grid wp-block-product-new wp-block-woocommerce-product-new wc-block-product-new has-4-columns\"><ul class=\"wc-block-grid__products\"><li class=\"wc-block-grid__product\">\n\t\t\t\t<a href=\"https:\/\/wholesalemedicaluk.com\/?product=madecassol-cream-10-pack-skin-care-imported-fast-dispatch-uk-seller\" class=\"wc-block-grid__product-link\">\n\t\t\t\t\t<div class=\"wc-block-grid__product-onsale\">\n\t\t\t<span aria-hidden=\"true\">Sale<\/span>\n\t\t\t<span class=\"screen-reader-text\">Product on sale<\/span>\n\t\t<\/div>\n\t\t\t\t\t<div class=\"wc-block-grid__product-image\"><img fetchpriority=\"high\" decoding=\"async\" width=\"300\" height=\"300\" src=\"https:\/\/wholesalemedicaluk.com\/wp-content\/uploads\/2026\/04\/madecassol-cream-bayer-10-pack-300x300.jpg\" class=\"attachment-woocommerce_thumbnail size-woocommerce_thumbnail\" alt=\"Madecassol Cream 10 Pack Skin Care Imported Fast Dispatch UK Seller\" srcset=\"https:\/\/wholesalemedicaluk.com\/wp-content\/uploads\/2026\/04\/madecassol-cream-bayer-10-pack-300x300.jpg 300w, https:\/\/wholesalemedicaluk.com\/wp-content\/uploads\/2026\/04\/madecassol-cream-bayer-10-pack-100x100.jpg 100w, https:\/\/wholesalemedicaluk.com\/wp-content\/uploads\/2026\/04\/madecassol-cream-bayer-10-pack-600x600.jpg 600w, https:\/\/wholesalemedicaluk.com\/wp-content\/uploads\/2026\/04\/madecassol-cream-bayer-10-pack-1024x1024.jpg 1024w, https:\/\/wholesalemedicaluk.com\/wp-content\/uploads\/2026\/04\/madecassol-cream-bayer-10-pack-150x150.jpg 150w, https:\/\/wholesalemedicaluk.com\/wp-content\/uploads\/2026\/04\/madecassol-cream-bayer-10-pack-768x768.jpg 768w, https:\/\/wholesalemedicaluk.com\/wp-content\/uploads\/2026\/04\/madecassol-cream-bayer-10-pack-350x350.jpg 350w, https:\/\/wholesalemedicaluk.com\/wp-content\/uploads\/2026\/04\/madecassol-cream-bayer-10-pack.jpg 1080w\" sizes=\"(max-width: 300px) 100vw, 300px\" \/><\/div>\n\t\t\t\t\t<div class=\"wc-block-grid__product-title\">Madecassol Cream 10 Pack Skin Care Imported Fast Dispatch UK Seller<\/div>\n\t\t\t\t<\/a>\n\t\t\t\t<div class=\"wc-block-grid__product-price price\"><del aria-hidden=\"true\"><span class=\"woocommerce-Price-amount amount\"><span class=\"woocommerce-Price-currencySymbol\">&pound;<\/span>120.00<\/span><\/del> <span class=\"screen-reader-text\">Original price was: &pound;120.00.<\/span><ins aria-hidden=\"true\"><span class=\"woocommerce-Price-amount amount\"><span class=\"woocommerce-Price-currencySymbol\">&pound;<\/span>88.00<\/span><\/ins><span class=\"screen-reader-text\">Current price is: &pound;88.00.<\/span><\/div>\n\t\t\t\t\n\t\t\t\t<div class=\"wp-block-button wc-block-grid__product-add-to-cart\"><a href=\"\/index.php?rest_route=%2Fwp%2Fv2%2Fpages%2F7&#038;add-to-cart=1681\" aria-label=\"Add to cart: &ldquo;Madecassol Cream 10 Pack Skin Care Imported Fast Dispatch UK Seller&rdquo;\" data-quantity=\"1\" data-product_id=\"1681\" data-product_sku=\"\" data-price=\"88\" rel=\"nofollow\" class=\"wp-block-button__link  add_to_cart_button ajax_add_to_cart\">Add to cart<\/a><\/div>\n\t\t\t\t<a\r\n\t\thref=\"https:\/\/wholesalemedicaluk.com?action=yith-woocompare-add-product&#038;id=1681\"\r\n\t\tclass=\"compare button  \"\r\n\t\tdata-product_id=\"1681\"\r\n\t\ttarget=\"_self\"\r\n\t\trel=\"nofollow\"\r\n\t>\r\n\t\t\t\t<span class=\"label\">\r\n\t\t\tCompare\t\t<\/span>\r\n\t<\/a>\r\n<\/li><li class=\"wc-block-grid__product\">\n\t\t\t\t<a href=\"https:\/\/wholesalemedicaluk.com\/?product=sebamed-sac-dokulmesine-karsi-shampoo-1000-ml-2piece\" class=\"wc-block-grid__product-link\">\n\t\t\t\t\t\n\t\t\t\t\t<div class=\"wc-block-grid__product-image\"><img decoding=\"async\" width=\"300\" height=\"300\" src=\"https:\/\/wholesalemedicaluk.com\/wp-content\/uploads\/2026\/04\/sebamed-kepek-onleyici-1000-ml-300x300.jpg\" class=\"attachment-woocommerce_thumbnail size-woocommerce_thumbnail\" alt=\"Sebamed Sa\u00e7 D\u00f6k\u00fclmesine Kar\u015f\u0131 Shampoo 1000 ml 2Piece\" srcset=\"https:\/\/wholesalemedicaluk.com\/wp-content\/uploads\/2026\/04\/sebamed-kepek-onleyici-1000-ml-300x300.jpg 300w, https:\/\/wholesalemedicaluk.com\/wp-content\/uploads\/2026\/04\/sebamed-kepek-onleyici-1000-ml-100x100.jpg 100w, https:\/\/wholesalemedicaluk.com\/wp-content\/uploads\/2026\/04\/sebamed-kepek-onleyici-1000-ml-600x600.jpg 600w, https:\/\/wholesalemedicaluk.com\/wp-content\/uploads\/2026\/04\/sebamed-kepek-onleyici-1000-ml-150x150.jpg 150w, https:\/\/wholesalemedicaluk.com\/wp-content\/uploads\/2026\/04\/sebamed-kepek-onleyici-1000-ml-768x768.jpg 768w, https:\/\/wholesalemedicaluk.com\/wp-content\/uploads\/2026\/04\/sebamed-kepek-onleyici-1000-ml-350x350.jpg 350w, https:\/\/wholesalemedicaluk.com\/wp-content\/uploads\/2026\/04\/sebamed-kepek-onleyici-1000-ml.jpg 1000w\" sizes=\"(max-width: 300px) 100vw, 300px\" \/><\/div>\n\t\t\t\t\t<div class=\"wc-block-grid__product-title\">Sebamed Sa\u00e7 D\u00f6k\u00fclmesine Kar\u015f\u0131 Shampoo 1000 ml 2Piece<\/div>\n\t\t\t\t<\/a>\n\t\t\t\t<div class=\"wc-block-grid__product-price price\"><\/div>\n\t\t\t\t\n\t\t\t\t<div class=\"wp-block-button wc-block-grid__product-add-to-cart\"><a href=\"https:\/\/wholesalemedicaluk.com\/?product=sebamed-sac-dokulmesine-karsi-shampoo-1000-ml-2piece\" aria-label=\"Read more about &ldquo;Sebamed Sa\u00e7 D\u00f6k\u00fclmesine Kar\u015f\u0131 Shampoo 1000 ml 2Piece&rdquo;\" data-quantity=\"1\" data-product_id=\"1665\" data-product_sku=\"\" data-price=\"0\" rel=\"nofollow\" class=\"wp-block-button__link  add_to_cart_button\">Read more<\/a><\/div>\n\t\t\t\t<a\r\n\t\thref=\"https:\/\/wholesalemedicaluk.com?action=yith-woocompare-add-product&#038;id=1665\"\r\n\t\tclass=\"compare button  \"\r\n\t\tdata-product_id=\"1665\"\r\n\t\ttarget=\"_self\"\r\n\t\trel=\"nofollow\"\r\n\t>\r\n\t\t\t\t<span class=\"label\">\r\n\t\t\tCompare\t\t<\/span>\r\n\t<\/a>\r\n<\/li><li class=\"wc-block-grid__product\">\n\t\t\t\t<a href=\"https:\/\/wholesalemedicaluk.com\/?product=restorex-keratin-ve-argan-onarici-shampoo-500-ml-2piece\" class=\"wc-block-grid__product-link\">\n\t\t\t\t\t\n\t\t\t\t\t<div class=\"wc-block-grid__product-image\"><img decoding=\"async\" width=\"300\" height=\"300\" src=\"https:\/\/wholesalemedicaluk.com\/wp-content\/uploads\/2026\/04\/restorex-onarini-bakim-300x300.jpg\" class=\"attachment-woocommerce_thumbnail size-woocommerce_thumbnail\" alt=\"Restorex Keratin ve Argan Onar\u0131c\u0131 Shampoo 500 ml 2Piece\" srcset=\"https:\/\/wholesalemedicaluk.com\/wp-content\/uploads\/2026\/04\/restorex-onarini-bakim-300x300.jpg 300w, https:\/\/wholesalemedicaluk.com\/wp-content\/uploads\/2026\/04\/restorex-onarini-bakim-100x100.jpg 100w, https:\/\/wholesalemedicaluk.com\/wp-content\/uploads\/2026\/04\/restorex-onarini-bakim-600x600.jpg 600w, https:\/\/wholesalemedicaluk.com\/wp-content\/uploads\/2026\/04\/restorex-onarini-bakim-150x150.jpg 150w, https:\/\/wholesalemedicaluk.com\/wp-content\/uploads\/2026\/04\/restorex-onarini-bakim-768x768.jpg 768w, https:\/\/wholesalemedicaluk.com\/wp-content\/uploads\/2026\/04\/restorex-onarini-bakim-350x350.jpg 350w, https:\/\/wholesalemedicaluk.com\/wp-content\/uploads\/2026\/04\/restorex-onarini-bakim.jpg 1000w\" sizes=\"(max-width: 300px) 100vw, 300px\" \/><\/div>\n\t\t\t\t\t<div class=\"wc-block-grid__product-title\">Restorex Keratin ve Argan Onar\u0131c\u0131 Shampoo 500 ml 2Piece<\/div>\n\t\t\t\t<\/a>\n\t\t\t\t<div class=\"wc-block-grid__product-price price\"><\/div>\n\t\t\t\t\n\t\t\t\t<div class=\"wp-block-button wc-block-grid__product-add-to-cart\"><a href=\"https:\/\/wholesalemedicaluk.com\/?product=restorex-keratin-ve-argan-onarici-shampoo-500-ml-2piece\" aria-label=\"Read more about &ldquo;Restorex Keratin ve Argan Onar\u0131c\u0131 Shampoo 500 ml 2Piece&rdquo;\" data-quantity=\"1\" data-product_id=\"1663\" data-product_sku=\"\" data-price=\"0\" rel=\"nofollow\" class=\"wp-block-button__link  add_to_cart_button\">Read more<\/a><\/div>\n\t\t\t\t<a\r\n\t\thref=\"https:\/\/wholesalemedicaluk.com?action=yith-woocompare-add-product&#038;id=1663\"\r\n\t\tclass=\"compare button  \"\r\n\t\tdata-product_id=\"1663\"\r\n\t\ttarget=\"_self\"\r\n\t\trel=\"nofollow\"\r\n\t>\r\n\t\t\t\t<span class=\"label\">\r\n\t\t\tCompare\t\t<\/span>\r\n\t<\/a>\r\n<\/li><li class=\"wc-block-grid__product\">\n\t\t\t\t<a href=\"https:\/\/wholesalemedicaluk.com\/?product=restorex-collagenbiotin-dolgunlastirici-shampoo-500-ml-2-piece\" class=\"wc-block-grid__product-link\">\n\t\t\t\t\t\n\t\t\t\t\t<div class=\"wc-block-grid__product-image\"><img loading=\"lazy\" decoding=\"async\" width=\"300\" height=\"300\" src=\"https:\/\/wholesalemedicaluk.com\/wp-content\/uploads\/2026\/04\/restorex-colojen-biotin-300x300.jpg\" class=\"attachment-woocommerce_thumbnail size-woocommerce_thumbnail\" alt=\"Restorex Collagen&amp;biotin Dolgunla\u015ft\u0131r\u0131c\u0131 Shampoo 500 Ml 2 Piece\" srcset=\"https:\/\/wholesalemedicaluk.com\/wp-content\/uploads\/2026\/04\/restorex-colojen-biotin-300x300.jpg 300w, https:\/\/wholesalemedicaluk.com\/wp-content\/uploads\/2026\/04\/restorex-colojen-biotin-100x100.jpg 100w, https:\/\/wholesalemedicaluk.com\/wp-content\/uploads\/2026\/04\/restorex-colojen-biotin-600x600.jpg 600w, https:\/\/wholesalemedicaluk.com\/wp-content\/uploads\/2026\/04\/restorex-colojen-biotin-150x150.jpg 150w, https:\/\/wholesalemedicaluk.com\/wp-content\/uploads\/2026\/04\/restorex-colojen-biotin-768x768.jpg 768w, https:\/\/wholesalemedicaluk.com\/wp-content\/uploads\/2026\/04\/restorex-colojen-biotin-350x350.jpg 350w, https:\/\/wholesalemedicaluk.com\/wp-content\/uploads\/2026\/04\/restorex-colojen-biotin.jpg 1000w\" sizes=\"(max-width: 300px) 100vw, 300px\" \/><\/div>\n\t\t\t\t\t<div class=\"wc-block-grid__product-title\">Restorex Collagen&amp;biotin Dolgunla\u015ft\u0131r\u0131c\u0131 Shampoo 500 Ml 2 Piece<\/div>\n\t\t\t\t<\/a>\n\t\t\t\t<div class=\"wc-block-grid__product-price price\"><\/div>\n\t\t\t\t\n\t\t\t\t<div class=\"wp-block-button wc-block-grid__product-add-to-cart\"><a href=\"https:\/\/wholesalemedicaluk.com\/?product=restorex-collagenbiotin-dolgunlastirici-shampoo-500-ml-2-piece\" aria-label=\"Read more about &ldquo;Restorex Collagen&amp;biotin Dolgunla\u015ft\u0131r\u0131c\u0131 Shampoo 500 Ml 2 Piece&rdquo;\" data-quantity=\"1\" data-product_id=\"1662\" data-product_sku=\"\" data-price=\"0\" rel=\"nofollow\" class=\"wp-block-button__link  add_to_cart_button\">Read more<\/a><\/div>\n\t\t\t\t<a\r\n\t\thref=\"https:\/\/wholesalemedicaluk.com?action=yith-woocompare-add-product&#038;id=1662\"\r\n\t\tclass=\"compare button  \"\r\n\t\tdata-product_id=\"1662\"\r\n\t\ttarget=\"_self\"\r\n\t\trel=\"nofollow\"\r\n\t>\r\n\t\t\t\t<span class=\"label\">\r\n\t\t\tCompare\t\t<\/span>\r\n\t<\/a>\r\n<\/li><\/ul><\/div><\/div>\n<\/div>\n","protected":false},"excerpt":{"rendered":"","protected":false},"author":1,"featured_media":0,"parent":0,"menu_order":0,"comment_status":"closed","ping_status":"closed","template":"","meta":{"footnotes":""},"class_list":["post-7","page","type-page","status-publish","hentry"],"_links":{"self":[{"href":"https:\/\/wholesalemedicaluk.com\/index.php?rest_route=\/wp\/v2\/pages\/7","targetHints":{"allow":["GET"]}}],"collection":[{"href":"https:\/\/wholesalemedicaluk.com\/index.php?rest_route=\/wp\/v2\/pages"}],"about":[{"href":"https:\/\/wholesalemedicaluk.com\/index.php?rest_route=\/wp\/v2\/types\/page"}],"author":[{"embeddable":true,"href":"https:\/\/wholesalemedicaluk.com\/index.php?rest_route=\/wp\/v2\/users\/1"}],"replies":[{"embeddable":true,"href":"https:\/\/wholesalemedicaluk.com\/index.php?rest_route=%2Fwp%2Fv2%2Fcomments&post=7"}],"version-history":[{"count":1,"href":"https:\/\/wholesalemedicaluk.com\/index.php?rest_route=\/wp\/v2\/pages\/7\/revisions"}],"predecessor-version":[{"id":1687,"href":"https:\/\/wholesalemedicaluk.com\/index.php?rest_route=\/wp\/v2\/pages\/7\/revisions\/1687"}],"wp:attachment":[{"href":"https:\/\/wholesalemedicaluk.com\/index.php?rest_route=%2Fwp%2Fv2%2Fmedia&parent=7"}],"curies":[{"name":"wp","href":"https:\/\/api.w.org\/{rel}","templated":true}]}}