{"id":1181,"date":"2026-04-21T08:29:56","date_gmt":"2026-04-21T08:29:56","guid":{"rendered":"https:\/\/wholesalemedicaluk.com\/?post_type=product&#038;p=1181"},"modified":"2026-04-21T08:30:06","modified_gmt":"2026-04-21T08:30:06","slug":"solgar-bromelain-150-mg-60-capsule-2piece","status":"publish","type":"product","link":"https:\/\/wholesalemedicaluk.com\/?product=solgar-bromelain-150-mg-60-capsule-2piece","title":{"rendered":"Solgar Bromelain 150 Mg 60 capsule 2Piece"},"content":{"rendered":"<p>Solgar Bromelain 150 Mg 60 capsule 2Piece<\/p>\n<p dir=\"ltr\">Verilen Sipari\u015fler G\u00fcn i\u00e7inde kargolanmaktad\u0131r. Her a\u015famada bilgi verilecektir.<\/p>\n<p dir=\"ltr\">Pazaryerlerinden %20 Daha iyi fiytatlarla hizmetinizdeyiz. Whatsap:05556208909<\/p>\n","protected":false},"excerpt":{"rendered":"<p>Solgar Bromelain 150 Mg 60 capsule<\/p>\n","protected":false},"featured_media":1201,"comment_status":"closed","ping_status":"closed","template":"","meta":[],"pwb-brand":[],"product_brand":[],"product_cat":[15],"product_tag":[],"class_list":{"0":"post-1181","1":"product","2":"type-product","3":"status-publish","4":"has-post-thumbnail","6":"product_cat-general","8":"first","9":"outofstock","10":"taxable","11":"shipping-taxable","12":"product-type-simple"},"brands":[],"_links":{"self":[{"href":"https:\/\/wholesalemedicaluk.com\/index.php?rest_route=\/wp\/v2\/product\/1181","targetHints":{"allow":["GET"]}}],"collection":[{"href":"https:\/\/wholesalemedicaluk.com\/index.php?rest_route=\/wp\/v2\/product"}],"about":[{"href":"https:\/\/wholesalemedicaluk.com\/index.php?rest_route=\/wp\/v2\/types\/product"}],"replies":[{"embeddable":true,"href":"https:\/\/wholesalemedicaluk.com\/index.php?rest_route=%2Fwp%2Fv2%2Fcomments&post=1181"}],"wp:featuredmedia":[{"embeddable":true,"href":"https:\/\/wholesalemedicaluk.com\/index.php?rest_route=\/wp\/v2\/media\/1201"}],"wp:attachment":[{"href":"https:\/\/wholesalemedicaluk.com\/index.php?rest_route=%2Fwp%2Fv2%2Fmedia&parent=1181"}],"wp:term":[{"taxonomy":"pwb-brand","embeddable":true,"href":"https:\/\/wholesalemedicaluk.com\/index.php?rest_route=%2Fwp%2Fv2%2Fpwb-brand&post=1181"},{"taxonomy":"product_brand","embeddable":true,"href":"https:\/\/wholesalemedicaluk.com\/index.php?rest_route=%2Fwp%2Fv2%2Fproduct_brand&post=1181"},{"taxonomy":"product_cat","embeddable":true,"href":"https:\/\/wholesalemedicaluk.com\/index.php?rest_route=%2Fwp%2Fv2%2Fproduct_cat&post=1181"},{"taxonomy":"product_tag","embeddable":true,"href":"https:\/\/wholesalemedicaluk.com\/index.php?rest_route=%2Fwp%2Fv2%2Fproduct_tag&post=1181"}],"curies":[{"name":"wp","href":"https:\/\/api.w.org\/{rel}","templated":true}]}}