{"id":1650,"date":"2026-04-21T08:36:34","date_gmt":"2026-04-21T08:36:34","guid":{"rendered":"https:\/\/wholesalemedicaluk.com\/?post_type=product&#038;p=1650"},"modified":"2026-04-21T08:37:01","modified_gmt":"2026-04-21T08:37:01","slug":"argivit-focus-150-ml-surup-2piece","status":"publish","type":"product","link":"https:\/\/wholesalemedicaluk.com\/?product=argivit-focus-150-ml-surup-2piece","title":{"rendered":"Argivit Focus 150 ml \u015eurup 2Piece"},"content":{"rendered":"<h1>Argivit Focus 150 ml \u015eurup<\/h1>\n<p data-start=\"61\" data-end=\"91\"><strong data-start=\"61\" data-end=\"91\">Argivit Focus 150 ml \u015eurup<\/strong><\/p>\n<p data-start=\"93\" data-end=\"556\"><strong data-start=\"93\" data-end=\"113\">\u00dcr\u00fcn \u00d6zellikleri<\/strong><br data-start=\"113\" data-end=\"116\" \/>Argivit Focus \u015eurup, Childlar\u0131n zihinsel performans\u0131n\u0131, odaklanma becerisini ve genel enerji d\u00fczeyini desteklemek amac\u0131yla \u00f6zel olarak geli\u015ftirilmi\u015f bir takviye edici g\u0131dad\u0131r. \u0130\u00e7eri\u011finde L-arginin, L-karnitin, vitaminler, mineraller ve bitkisel ekstreler bulunur.<br data-start=\"379\" data-end=\"382\" \/>Zihinsel s\u00fcre\u00e7leri destekleyici bile\u015fenler sayesinde dikkat ve konsantrasyonun art\u0131r\u0131lmas\u0131na katk\u0131 sa\u011flar. \u015eurup formu sayesinde Childlar taraf\u0131ndan kolayl\u0131kla t\u00fcketilebilir.<\/p>\n<p data-start=\"558\" data-end=\"723\"><strong data-start=\"558\" data-end=\"577\">\u00dcr\u00fcn Uygulamas\u0131<\/strong><br data-start=\"577\" data-end=\"580\" \/>Kullan\u0131m ya\u015f\u0131 ve dozu, sa\u011fl\u0131k profesyonisti taraf\u0131ndan \u00f6nerildi\u011fi \u015fekilde uygulanmal\u0131d\u0131r. Genellikle Childlar\u0131n g\u00fcnl\u00fck kullan\u0131m\u0131 i\u00e7in uygundur.<\/p>\n<p data-start=\"725\" data-end=\"966\"><strong data-start=\"725\" data-end=\"740\">\u00dcr\u00fcn Sunumu<\/strong><br data-start=\"740\" data-end=\"743\" \/>150 ml \u015furup formunda, orijinal ambalaj\u0131nda sat\u0131\u015fa sunulmaktad\u0131r.<br data-start=\"808\" data-end=\"811\" \/>Hijyenik ko\u015fullarda \u00fcretilmi\u015f olup markan\u0131n kalite g\u00fcvencesi alt\u0131ndad\u0131r.<br data-start=\"883\" data-end=\"886\" \/>Sitemizde son kullanma tarihi ge\u00e7mi\u015f \u00fcr\u00fcn <strong data-start=\"928\" data-end=\"942\">kesinlikle<\/strong> sat\u0131\u015fa sunulmamaktad\u0131r.<\/p>\n","protected":false},"excerpt":{"rendered":"<p>Argivit Focus 150 ml \u015eurup Argivit Focus 150 ml \u015eurup \u00dcr\u00fcn \u00d6zellikleriArgivit Focus \u015eurup, Childlar\u0131n zihinsel performans\u0131n\u0131, odaklanma becerisini ve genel enerji d\u00fczeyini desteklemek amac\u0131yla \u00f6zel olarak geli\u015ftirilmi\u015f bir takviye edici g\u0131dad\u0131r. \u0130\u00e7eri\u011finde L-arginin, L-karnitin, vitaminler, mineraller ve bitkisel ekstreler bulunur.Zihinsel s\u00fcre\u00e7leri destekleyici bile\u015fenler sayesinde dikkat ve konsantrasyonun art\u0131r\u0131lmas\u0131na katk\u0131 sa\u011flar. \u015eurup formu sayesinde Childlar [&hellip;]<\/p>\n","protected":false},"featured_media":1668,"comment_status":"open","ping_status":"closed","template":"","meta":[],"pwb-brand":[],"product_brand":[104],"product_cat":[28,20,22],"product_tag":[103,34],"class_list":{"0":"post-1650","1":"product","2":"type-product","3":"status-publish","4":"has-post-thumbnail","6":"product_brand-argivit","7":"product_cat-dietary-supplements","8":"product_cat-mother-baby","9":"product_cat-vitamin","10":"product_tag-argivit","11":"product_tag-vitamin","13":"first","14":"outofstock","15":"taxable","16":"shipping-taxable","17":"product-type-simple"},"brands":[],"_links":{"self":[{"href":"https:\/\/wholesalemedicaluk.com\/index.php?rest_route=\/wp\/v2\/product\/1650","targetHints":{"allow":["GET"]}}],"collection":[{"href":"https:\/\/wholesalemedicaluk.com\/index.php?rest_route=\/wp\/v2\/product"}],"about":[{"href":"https:\/\/wholesalemedicaluk.com\/index.php?rest_route=\/wp\/v2\/types\/product"}],"replies":[{"embeddable":true,"href":"https:\/\/wholesalemedicaluk.com\/index.php?rest_route=%2Fwp%2Fv2%2Fcomments&post=1650"}],"wp:featuredmedia":[{"embeddable":true,"href":"https:\/\/wholesalemedicaluk.com\/index.php?rest_route=\/wp\/v2\/media\/1668"}],"wp:attachment":[{"href":"https:\/\/wholesalemedicaluk.com\/index.php?rest_route=%2Fwp%2Fv2%2Fmedia&parent=1650"}],"wp:term":[{"taxonomy":"pwb-brand","embeddable":true,"href":"https:\/\/wholesalemedicaluk.com\/index.php?rest_route=%2Fwp%2Fv2%2Fpwb-brand&post=1650"},{"taxonomy":"product_brand","embeddable":true,"href":"https:\/\/wholesalemedicaluk.com\/index.php?rest_route=%2Fwp%2Fv2%2Fproduct_brand&post=1650"},{"taxonomy":"product_cat","embeddable":true,"href":"https:\/\/wholesalemedicaluk.com\/index.php?rest_route=%2Fwp%2Fv2%2Fproduct_cat&post=1650"},{"taxonomy":"product_tag","embeddable":true,"href":"https:\/\/wholesalemedicaluk.com\/index.php?rest_route=%2Fwp%2Fv2%2Fproduct_tag&post=1650"}],"curies":[{"name":"wp","href":"https:\/\/api.w.org\/{rel}","templated":true}]}}