{"id":1654,"date":"2026-04-21T08:36:34","date_gmt":"2026-04-21T08:36:34","guid":{"rendered":"https:\/\/wholesalemedicaluk.com\/?post_type=product&#038;p=1654"},"modified":"2026-04-21T08:37:12","modified_gmt":"2026-04-21T08:37:12","slug":"himalaya-complete-care-75-ml-florurlu-toothpaste-2piece","status":"publish","type":"product","link":"https:\/\/wholesalemedicaluk.com\/?product=himalaya-complete-care-75-ml-florurlu-toothpaste-2piece","title":{"rendered":"Himalaya Complete Care 75 ml Flor\u00fcrl\u00fc toothpaste 2Piece"},"content":{"rendered":"<h3 data-start=\"135\" data-end=\"209\">&#x1f9b7; \u00dcr\u00fcn \u00d6zellikleri \u2014 Himalaya Complete Care 75 ml Flor\u00fcrl\u00fc toothpaste 2Piece<\/h3>\n<p data-start=\"211\" data-end=\"492\"><strong data-start=\"211\" data-end=\"226\">Tam Koruma:<\/strong><br data-start=\"226\" data-end=\"229\" \/>Bu toothpaste, hem di\u015fleri hem de di\u015f etlerini korumaya yard\u0131mc\u0131 olacak \u015fekilde form\u00fcle edilmi\u015ftir \u2014 zararl\u0131 bakterilere kar\u015f\u0131 geni\u015f kapsaml\u0131 bir care sa\u011flar ve g\u00fcnde iki defadan fazla f\u0131r\u00e7alama ile a\u011f\u0131z sa\u011fl\u0131\u011f\u0131n\u0131 destekler.<\/p>\n<p data-start=\"494\" data-end=\"702\"><strong data-start=\"494\" data-end=\"515\">Di\u015f Eti Korumas\u0131:<\/strong><br data-start=\"515\" data-end=\"518\" \/>\u0130\u00e7eri\u011findeki do\u011fal \u00f6zler (\u00f6rne\u011fin neem ve misvak gibi bitkisel bile\u015fenler) di\u015f etlerini g\u00fc\u00e7lendirmeye ve di\u015f eti sa\u011fl\u0131\u011f\u0131n\u0131 korumaya yard\u0131mc\u0131 olur.<\/p>\n<p data-start=\"704\" data-end=\"871\"><strong data-start=\"704\" data-end=\"714\">Do\u011fal:<\/strong><br data-start=\"714\" data-end=\"717\" \/>Bitkisel k\u00f6kenli i\u00e7eriklere dayan\u0131r; paraben i\u00e7ermez ve vegan\/vegetaryen olarak form\u00fcle edilmi\u015f se\u00e7enekleri bulunur.<\/p>\n<p data-start=\"873\" data-end=\"1053\"><strong data-start=\"873\" data-end=\"898\">A\u011f\u0131z Kokusu \u00d6nleyici:<\/strong><br data-start=\"898\" data-end=\"901\" \/>Bitkisel \u00f6zlerden gelen do\u011fal mentol benzeri bile\u015fenler sayesinde d\u00fczenli kullan\u0131ld\u0131\u011f\u0131nda a\u011f\u0131zda ferahl\u0131k b\u0131rak\u0131r.<\/p>\n<p data-start=\"1055\" data-end=\"1243\"><strong data-start=\"1055\" data-end=\"1068\">Ferahl\u0131k:<\/strong><br data-start=\"1068\" data-end=\"1071\" \/>D\u00fczenli f\u0131r\u00e7alama sonras\u0131 taze bir nefes sa\u011flar; i\u00e7eri\u011findeki do\u011fal aroma ve mentol benzeri bile\u015fenler sayesinde ferahl\u0131k hissi sunar.<\/p>\n<p data-start=\"1245\" data-end=\"1374\"><strong data-start=\"1245\" data-end=\"1267\">Paraben \u0130\u00e7ermeyen:<\/strong><br data-start=\"1267\" data-end=\"1270\" \/>Form\u00fcl\u00fcnde paraben bulunmaz, daha \u201ctemiz\u201d i\u00e7erik profili hedefler.<\/p>\n<p data-start=\"1376\" data-end=\"1515\"><strong data-start=\"1376\" data-end=\"1385\">Form:<\/strong><br data-start=\"1385\" data-end=\"1388\" \/>Macun k\u0131vam\u0131nda geleneksel toothpaste formu. Kullan\u0131m\u0131 g\u00fcnl\u00fck rutin f\u0131r\u00e7alamaya uygundur.<\/p>\n<p data-start=\"1517\" data-end=\"1716\"><strong data-start=\"1517\" data-end=\"1537\">Flor\u00fcr Se\u00e7ene\u011fi:<\/strong><br data-start=\"1537\" data-end=\"1540\" \/>Flor\u00fcrl\u00fc bir versiyonudur \u2014 i\u00e7erdi\u011fi kalsiyum flor\u00fcr sayesinde di\u015f minesini g\u00fc\u00e7lendirmeye ve \u00e7\u00fcr\u00fck olu\u015fumuna kar\u015f\u0131 korumaya yard\u0131mc\u0131 olur.<\/p>\n<p data-start=\"1718\" data-end=\"1790\"><strong data-start=\"1718\" data-end=\"1729\">Miktar:<\/strong><br data-start=\"1729\" data-end=\"1732\" \/>75 ml boyutunda t\u00fcp.<\/p>\n<hr data-start=\"1792\" data-end=\"1795\" \/>\n<h3 data-start=\"1797\" data-end=\"1815\">&#x1f9ea; Genel Bilgi<\/h3>\n<p data-start=\"1816\" data-end=\"2153\">Bu toothpaste, <em data-start=\"1831\" data-end=\"1851\">bitkisel i\u00e7erikler<\/em> ile harmanlanm\u0131\u015f klasik bir di\u015f care \u00fcr\u00fcn\u00fcd\u00fcr ve g\u00fcnl\u00fck a\u011f\u0131z care rutininin bir par\u00e7as\u0131 olarak kullan\u0131labilir. Flor\u00fcr i\u00e7eri\u011fi ile \u00e7\u00fcr\u00fck \u00f6nleme a\u00e7\u0131s\u0131ndan destek olurken, <em data-start=\"2023\" data-end=\"2042\">paraben i\u00e7ermeyen<\/em> ve <em data-start=\"2046\" data-end=\"2058\">vejetaryen<\/em> form\u00fcl\u00fcyle daha do\u011fal i\u00e7erik isteyenler i\u00e7in uygundur.<\/p>\n","protected":false},"excerpt":{"rendered":"<p>&#x1f9b7; \u00dcr\u00fcn \u00d6zellikleri \u2014 Himalaya Complete Care 75 ml Flor\u00fcrl\u00fc toothpaste 2Piece Tam Koruma:Bu toothpaste, hem di\u015fleri hem de di\u015f etlerini korumaya yard\u0131mc\u0131 olacak \u015fekilde form\u00fcle edilmi\u015ftir \u2014 zararl\u0131 bakterilere kar\u015f\u0131 geni\u015f kapsaml\u0131 bir care sa\u011flar ve g\u00fcnde iki defadan fazla f\u0131r\u00e7alama ile a\u011f\u0131z sa\u011fl\u0131\u011f\u0131n\u0131 destekler. Di\u015f Eti Korumas\u0131:\u0130\u00e7eri\u011findeki do\u011fal \u00f6zler (\u00f6rne\u011fin neem ve misvak [&hellip;]<\/p>\n","protected":false},"featured_media":1672,"comment_status":"open","ping_status":"closed","template":"","meta":[],"pwb-brand":[],"product_brand":[111],"product_cat":[20,106,107],"product_tag":[108,109,110,38],"class_list":{"0":"post-1654","1":"product","2":"type-product","3":"status-publish","4":"has-post-thumbnail","6":"product_brand-himalaya","7":"product_cat-mother-baby","8":"product_cat-other","9":"product_cat-personal-care","10":"product_tag-dis","11":"product_tag-himalaya","12":"product_tag-macunu","13":"product_tag-toptan","15":"first","16":"instock","17":"taxable","18":"shipping-taxable","19":"product-type-simple"},"brands":[],"_links":{"self":[{"href":"https:\/\/wholesalemedicaluk.com\/index.php?rest_route=\/wp\/v2\/product\/1654","targetHints":{"allow":["GET"]}}],"collection":[{"href":"https:\/\/wholesalemedicaluk.com\/index.php?rest_route=\/wp\/v2\/product"}],"about":[{"href":"https:\/\/wholesalemedicaluk.com\/index.php?rest_route=\/wp\/v2\/types\/product"}],"replies":[{"embeddable":true,"href":"https:\/\/wholesalemedicaluk.com\/index.php?rest_route=%2Fwp%2Fv2%2Fcomments&post=1654"}],"wp:featuredmedia":[{"embeddable":true,"href":"https:\/\/wholesalemedicaluk.com\/index.php?rest_route=\/wp\/v2\/media\/1672"}],"wp:attachment":[{"href":"https:\/\/wholesalemedicaluk.com\/index.php?rest_route=%2Fwp%2Fv2%2Fmedia&parent=1654"}],"wp:term":[{"taxonomy":"pwb-brand","embeddable":true,"href":"https:\/\/wholesalemedicaluk.com\/index.php?rest_route=%2Fwp%2Fv2%2Fpwb-brand&post=1654"},{"taxonomy":"product_brand","embeddable":true,"href":"https:\/\/wholesalemedicaluk.com\/index.php?rest_route=%2Fwp%2Fv2%2Fproduct_brand&post=1654"},{"taxonomy":"product_cat","embeddable":true,"href":"https:\/\/wholesalemedicaluk.com\/index.php?rest_route=%2Fwp%2Fv2%2Fproduct_cat&post=1654"},{"taxonomy":"product_tag","embeddable":true,"href":"https:\/\/wholesalemedicaluk.com\/index.php?rest_route=%2Fwp%2Fv2%2Fproduct_tag&post=1654"}],"curies":[{"name":"wp","href":"https:\/\/api.w.org\/{rel}","templated":true}]}}