{"id":1662,"date":"2026-04-21T08:36:58","date_gmt":"2026-04-21T08:36:58","guid":{"rendered":"https:\/\/wholesalemedicaluk.com\/?post_type=product&#038;p=1662"},"modified":"2026-04-21T08:37:26","modified_gmt":"2026-04-21T08:37:26","slug":"restorex-collagenbiotin-dolgunlastirici-shampoo-500-ml-2-piece","status":"publish","type":"product","link":"https:\/\/wholesalemedicaluk.com\/?product=restorex-collagenbiotin-dolgunlastirici-shampoo-500-ml-2-piece","title":{"rendered":"Restorex Collagen&#038;biotin Dolgunla\u015ft\u0131r\u0131c\u0131 Shampoo 500 Ml 2 Piece"},"content":{"rendered":"<ul class=\"breadcrumb-wrapper\">\n<li>\n<div class=\"pdt_v8\">\n<div class=\"pdt_v8\">\n<h1>Restorex Collagen&amp;biotin Dolgunla\u015ft\u0131r\u0131c\u0131 Shampoo 500 Ml 2 Piece<\/h1>\n<\/div>\n<div id=\"UGB\" data-pr=\"2110784579\"><\/div>\n<div id=\"PI_v8\" class=\"pdi_v8\">\n<div class=\"cl_wrapper\"><\/div>\n<\/div>\n<\/div>\n<div id=\"UGB\" data-pr=\"4689918\"><\/div>\n<div id=\"PI_v8\" class=\"pdi_v8\">\n<div class=\"cl_wrapper\"><\/div>\n<\/div>\n<\/li>\n<\/ul>\n","protected":false},"excerpt":{"rendered":"<p>Restorex Collagen&amp;biotin Dolgunla\u015ft\u0131r\u0131c\u0131 Shampoo 500 Ml 2 Piece<\/p>\n","protected":false},"featured_media":1678,"comment_status":"open","ping_status":"closed","template":"","meta":[],"pwb-brand":[],"product_brand":[113],"product_cat":[20,16],"product_tag":[112,18,38],"class_list":{"0":"post-1662","1":"product","2":"type-product","3":"status-publish","4":"has-post-thumbnail","6":"product_brand-restorex","7":"product_cat-mother-baby","8":"product_cat-shampoo","9":"product_tag-restorex","10":"product_tag-shampoo","11":"product_tag-toptan","13":"first","14":"instock","15":"taxable","16":"shipping-taxable","17":"product-type-simple"},"brands":[],"_links":{"self":[{"href":"https:\/\/wholesalemedicaluk.com\/index.php?rest_route=\/wp\/v2\/product\/1662","targetHints":{"allow":["GET"]}}],"collection":[{"href":"https:\/\/wholesalemedicaluk.com\/index.php?rest_route=\/wp\/v2\/product"}],"about":[{"href":"https:\/\/wholesalemedicaluk.com\/index.php?rest_route=\/wp\/v2\/types\/product"}],"replies":[{"embeddable":true,"href":"https:\/\/wholesalemedicaluk.com\/index.php?rest_route=%2Fwp%2Fv2%2Fcomments&post=1662"}],"wp:featuredmedia":[{"embeddable":true,"href":"https:\/\/wholesalemedicaluk.com\/index.php?rest_route=\/wp\/v2\/media\/1678"}],"wp:attachment":[{"href":"https:\/\/wholesalemedicaluk.com\/index.php?rest_route=%2Fwp%2Fv2%2Fmedia&parent=1662"}],"wp:term":[{"taxonomy":"pwb-brand","embeddable":true,"href":"https:\/\/wholesalemedicaluk.com\/index.php?rest_route=%2Fwp%2Fv2%2Fpwb-brand&post=1662"},{"taxonomy":"product_brand","embeddable":true,"href":"https:\/\/wholesalemedicaluk.com\/index.php?rest_route=%2Fwp%2Fv2%2Fproduct_brand&post=1662"},{"taxonomy":"product_cat","embeddable":true,"href":"https:\/\/wholesalemedicaluk.com\/index.php?rest_route=%2Fwp%2Fv2%2Fproduct_cat&post=1662"},{"taxonomy":"product_tag","embeddable":true,"href":"https:\/\/wholesalemedicaluk.com\/index.php?rest_route=%2Fwp%2Fv2%2Fproduct_tag&post=1662"}],"curies":[{"name":"wp","href":"https:\/\/api.w.org\/{rel}","templated":true}]}}