{"id":22,"date":"2026-04-21T08:18:47","date_gmt":"2026-04-21T08:18:47","guid":{"rendered":"https:\/\/wholesalemedicaluk.com\/?post_type=product&#038;p=22"},"modified":"2026-04-21T08:19:52","modified_gmt":"2026-04-21T08:19:52","slug":"artimed-sargi-bezi-10cm-15m","status":"publish","type":"product","link":"https:\/\/wholesalemedicaluk.com\/?product=artimed-sargi-bezi-10cm-15m","title":{"rendered":"Art\u0131med Sarg\u0131 Bez\u0131 10Cm 1,5M"},"content":{"rendered":"<p>Art\u0131med Sarg\u0131 Bez\u0131 10Cm 1,5M<\/p>\n","protected":false},"excerpt":{"rendered":"<p>Art\u0131med Sarg\u0131 Bez\u0131 10Cm 1,5M<\/p>\n","protected":false},"featured_media":44,"comment_status":"closed","ping_status":"closed","template":"","meta":[],"pwb-brand":[],"product_brand":[],"product_cat":[20],"product_tag":[],"class_list":{"0":"post-22","1":"product","2":"type-product","3":"status-publish","4":"has-post-thumbnail","6":"product_cat-mother-baby","8":"first","9":"outofstock","10":"taxable","11":"shipping-taxable","12":"product-type-simple"},"brands":[],"_links":{"self":[{"href":"https:\/\/wholesalemedicaluk.com\/index.php?rest_route=\/wp\/v2\/product\/22","targetHints":{"allow":["GET"]}}],"collection":[{"href":"https:\/\/wholesalemedicaluk.com\/index.php?rest_route=\/wp\/v2\/product"}],"about":[{"href":"https:\/\/wholesalemedicaluk.com\/index.php?rest_route=\/wp\/v2\/types\/product"}],"replies":[{"embeddable":true,"href":"https:\/\/wholesalemedicaluk.com\/index.php?rest_route=%2Fwp%2Fv2%2Fcomments&post=22"}],"wp:featuredmedia":[{"embeddable":true,"href":"https:\/\/wholesalemedicaluk.com\/index.php?rest_route=\/wp\/v2\/media\/44"}],"wp:attachment":[{"href":"https:\/\/wholesalemedicaluk.com\/index.php?rest_route=%2Fwp%2Fv2%2Fmedia&parent=22"}],"wp:term":[{"taxonomy":"pwb-brand","embeddable":true,"href":"https:\/\/wholesalemedicaluk.com\/index.php?rest_route=%2Fwp%2Fv2%2Fpwb-brand&post=22"},{"taxonomy":"product_brand","embeddable":true,"href":"https:\/\/wholesalemedicaluk.com\/index.php?rest_route=%2Fwp%2Fv2%2Fproduct_brand&post=22"},{"taxonomy":"product_cat","embeddable":true,"href":"https:\/\/wholesalemedicaluk.com\/index.php?rest_route=%2Fwp%2Fv2%2Fproduct_cat&post=22"},{"taxonomy":"product_tag","embeddable":true,"href":"https:\/\/wholesalemedicaluk.com\/index.php?rest_route=%2Fwp%2Fv2%2Fproduct_tag&post=22"}],"curies":[{"name":"wp","href":"https:\/\/api.w.org\/{rel}","templated":true}]}}