{"id":27,"date":"2026-04-21T08:18:49","date_gmt":"2026-04-21T08:18:49","guid":{"rendered":"https:\/\/wholesalemedicaluk.com\/?post_type=product&#038;p=27"},"modified":"2026-04-21T08:19:56","modified_gmt":"2026-04-21T08:19:56","slug":"garnier-c-vitamini-parlak-gunluk-nemlendirici-jel-50-ml","status":"publish","type":"product","link":"https:\/\/wholesalemedicaluk.com\/?product=garnier-c-vitamini-parlak-gunluk-nemlendirici-jel-50-ml","title":{"rendered":"Garnier C Vitamini Parlak G\u00fcnl\u00fck Nemlendirici Jel 50 Ml"},"content":{"rendered":"<p>Garnier C Vitamini Parlak G\u00fcnl\u00fck Nemlendirici Jel 50 Ml<\/p>\n","protected":false},"excerpt":{"rendered":"<p>Garnier C Vitamini Parlak G\u00fcnl\u00fck Nemlendirici Jel 50 Ml<\/p>\n","protected":false},"featured_media":44,"comment_status":"closed","ping_status":"closed","template":"","meta":[],"pwb-brand":[],"product_brand":[],"product_cat":[20],"product_tag":[],"class_list":{"0":"post-27","1":"product","2":"type-product","3":"status-publish","4":"has-post-thumbnail","6":"product_cat-mother-baby","8":"first","9":"outofstock","10":"taxable","11":"shipping-taxable","12":"product-type-simple"},"brands":[],"_links":{"self":[{"href":"https:\/\/wholesalemedicaluk.com\/index.php?rest_route=\/wp\/v2\/product\/27","targetHints":{"allow":["GET"]}}],"collection":[{"href":"https:\/\/wholesalemedicaluk.com\/index.php?rest_route=\/wp\/v2\/product"}],"about":[{"href":"https:\/\/wholesalemedicaluk.com\/index.php?rest_route=\/wp\/v2\/types\/product"}],"replies":[{"embeddable":true,"href":"https:\/\/wholesalemedicaluk.com\/index.php?rest_route=%2Fwp%2Fv2%2Fcomments&post=27"}],"wp:featuredmedia":[{"embeddable":true,"href":"https:\/\/wholesalemedicaluk.com\/index.php?rest_route=\/wp\/v2\/media\/44"}],"wp:attachment":[{"href":"https:\/\/wholesalemedicaluk.com\/index.php?rest_route=%2Fwp%2Fv2%2Fmedia&parent=27"}],"wp:term":[{"taxonomy":"pwb-brand","embeddable":true,"href":"https:\/\/wholesalemedicaluk.com\/index.php?rest_route=%2Fwp%2Fv2%2Fpwb-brand&post=27"},{"taxonomy":"product_brand","embeddable":true,"href":"https:\/\/wholesalemedicaluk.com\/index.php?rest_route=%2Fwp%2Fv2%2Fproduct_brand&post=27"},{"taxonomy":"product_cat","embeddable":true,"href":"https:\/\/wholesalemedicaluk.com\/index.php?rest_route=%2Fwp%2Fv2%2Fproduct_cat&post=27"},{"taxonomy":"product_tag","embeddable":true,"href":"https:\/\/wholesalemedicaluk.com\/index.php?rest_route=%2Fwp%2Fv2%2Fproduct_tag&post=27"}],"curies":[{"name":"wp","href":"https:\/\/api.w.org\/{rel}","templated":true}]}}